{"id":5933,"date":"2024-02-22T23:25:00","date_gmt":"2024-02-22T23:25:00","guid":{"rendered":"https:\/\/bodycenter.ro\/?page_id=5933"},"modified":"2024-03-07T09:32:19","modified_gmt":"2024-03-07T09:32:19","slug":"facial-treatments-2","status":"publish","type":"page","link":"https:\/\/bodycenter.ro\/index.php\/facial-treatments-2\/","title":{"rendered":"Tratamente faciale"},"content":{"rendered":"<style>.elementor-5933 .elementor-element.elementor-element-bf23eca > .elementor-container{max-width:1400px;}.elementor-5933 .elementor-element.elementor-element-bf23eca{padding:60px 0px 150px 0px;}.elementor-bc-flex-widget .elementor-5933 .elementor-element.elementor-element-d94f3d4.elementor-column .elementor-widget-wrap{align-items:center;}.elementor-5933 .elementor-element.elementor-element-d94f3d4.elementor-column.elementor-element[data-element_type=\"column\"] > .elementor-widget-wrap.elementor-element-populated{align-content:center;align-items:center;}.elementor-5933 .elementor-element.elementor-element-d94f3d4 > .elementor-element-populated{padding:0px 20px 0px 0px;}.elementor-5933 .elementor-element.elementor-element-faa1273 > .elementor-widget-container{padding:0px 0px 0px 0px;}.elementor-5933 .elementor-element.elementor-element-faa1273 .elementor-heading-title{font-size:58px;font-weight:400;line-height:76px;color:var( --e-global-color-f552ac2 );}.elementor-5933 .elementor-element.elementor-element-c5c02de .elementor-tab-content{border-block-end-color:var( --e-global-color-348992b );}.elementor-5933 .elementor-element.elementor-element-c5c02de .elementor-tab-title{border-color:var( --e-global-color-348992b );}.elementor-5933 .elementor-element.elementor-element-c5c02de .elementor-toggle-title, .elementor-5933 .elementor-element.elementor-element-c5c02de .elementor-toggle-icon{color:var( --e-global-color-f552ac2 );}.elementor-5933 .elementor-element.elementor-element-c5c02de .elementor-toggle-icon svg{fill:var( --e-global-color-f552ac2 );}.elementor-5933 .elementor-element.elementor-element-c5c02de .elementor-tab-title.elementor-active a, .elementor-5933 .elementor-element.elementor-element-c5c02de .elementor-tab-title.elementor-active .elementor-toggle-icon{color:var( --e-global-color-e2d7a75 );}.elementor-bc-flex-widget .elementor-5933 .elementor-element.elementor-element-9f0b9dc.elementor-column .elementor-widget-wrap{align-items:center;}.elementor-5933 .elementor-element.elementor-element-9f0b9dc.elementor-column.elementor-element[data-element_type=\"column\"] > .elementor-widget-wrap.elementor-element-populated{align-content:center;align-items:center;}.elementor-5933 .elementor-element.elementor-element-9f0b9dc > .elementor-element-populated{padding:0px 0px 0px 20px;}.elementor-5933 .elementor-element.elementor-element-dfee39b img{max-width:100%;border-radius:10px 10px 10px 10px;box-shadow:10px 10px 9px -3px rgba(0,0,0,0.5);}@media(max-width:1024px) and (min-width:768px){.elementor-5933 .elementor-element.elementor-element-d94f3d4{width:100%;}.elementor-5933 .elementor-element.elementor-element-9f0b9dc{width:100%;}}@media(max-width:1024px){.elementor-5933 .elementor-element.elementor-element-bf23eca{padding:100px 50px 150px 50px;}.elementor-5933 .elementor-element.elementor-element-d94f3d4 > .elementor-element-populated{padding:50px 0px 0px 0px;}.elementor-5933 .elementor-element.elementor-element-faa1273{text-align:center;}}@media(max-width:767px){.elementor-5933 .elementor-element.elementor-element-bf23eca{padding:100px 30px 100px 30px;}.elementor-5933 .elementor-element.elementor-element-faa1273 .elementor-heading-title{font-size:44px;line-height:48px;}.elementor-5933 .elementor-element.elementor-element-9f0b9dc > .elementor-element-populated{padding:0px 0px 0px 0px;}.elementor-5933 .elementor-element.elementor-element-dfee39b img{max-width:100%;}}<\/style>\t\t<div data-elementor-type=\"wp-page\" data-elementor-id=\"5933\" class=\"elementor elementor-5933\">\n\t\t\t\t\t\t<section class=\"elementor-section elementor-top-section elementor-element elementor-element-bf23eca elementor-reverse-tablet elementor-reverse-mobile elementor-section-boxed elementor-section-height-default elementor-section-height-default\" data-id=\"bf23eca\" data-element_type=\"section\">\n\t\t\t\t\t\t<div class=\"elementor-container elementor-column-gap-no\">\n\t\t\t\t\t<div class=\"elementor-column elementor-col-50 elementor-top-column elementor-element elementor-element-d94f3d4\" data-id=\"d94f3d4\" data-element_type=\"column\">\n\t\t\t<div class=\"elementor-widget-wrap elementor-element-populated\">\n\t\t\t\t\t\t<div class=\"elementor-element elementor-element-faa1273 elementor-widget elementor-widget-heading\" data-id=\"faa1273\" data-element_type=\"widget\" data-widget_type=\"heading.default\">\n\t\t\t\t<div class=\"elementor-widget-container\">\n\t\t\t\t\t<h2 class=\"elementor-heading-title elementor-size-default\">Tratamente faciale<\/h2>\t\t\t\t<\/div>\n\t\t\t\t<\/div>\n\t\t\t\t<div class=\"elementor-element elementor-element-9fd43f0 elementor-widget elementor-widget-text-editor\" data-id=\"9fd43f0\" data-element_type=\"widget\" data-widget_type=\"text-editor.default\">\n\t\t\t\t<div class=\"elementor-widget-container\">\n\t\t\t\t\t\t\t\t\t<p>Cocktailul de vitamine alaturi de oxigenul hiperbaric vin in ajutorul esteticienilor pentru a obtine rezultate fabuloase fara tratamente invazive.<\/p>\t\t\t\t\t\t\t\t<\/div>\n\t\t\t\t<\/div>\n\t\t\t\t<div class=\"elementor-element elementor-element-c5c02de elementor-widget elementor-widget-toggle\" data-id=\"c5c02de\" data-element_type=\"widget\" data-widget_type=\"toggle.default\">\n\t\t\t\t<div class=\"elementor-widget-container\">\n\t\t\t\t\t\t\t<div class=\"elementor-toggle\">\n\t\t\t\t\t\t\t<div class=\"elementor-toggle-item\">\n\t\t\t\t\t<div id=\"elementor-tab-title-2071\" class=\"elementor-tab-title\" data-tab=\"1\" role=\"button\" aria-controls=\"elementor-tab-content-2071\" aria-expanded=\"false\">\n\t\t\t\t\t\t\t\t\t\t\t\t<span class=\"elementor-toggle-icon elementor-toggle-icon-left\" aria-hidden=\"true\">\n\t\t\t\t\t\t\t\t\t\t\t\t\t\t\t<span class=\"elementor-toggle-icon-closed\"><svg class=\"e-font-icon-svg e-fas-caret-right\" viewBox=\"0 0 192 512\" xmlns=\"http:\/\/www.w3.org\/2000\/svg\"><path d=\"M0 384.662V127.338c0-17.818 21.543-26.741 34.142-14.142l128.662 128.662c7.81 7.81 7.81 20.474 0 28.284L34.142 398.804C21.543 411.404 0 402.48 0 384.662z\"><\/path><\/svg><\/span>\n\t\t\t\t\t\t\t\t<span class=\"elementor-toggle-icon-opened\"><svg class=\"elementor-toggle-icon-opened e-font-icon-svg e-fas-caret-up\" viewBox=\"0 0 320 512\" xmlns=\"http:\/\/www.w3.org\/2000\/svg\"><path d=\"M288.662 352H31.338c-17.818 0-26.741-21.543-14.142-34.142l128.662-128.662c7.81-7.81 20.474-7.81 28.284 0l128.662 128.662c12.6 12.599 3.676 34.142-14.142 34.142z\"><\/path><\/svg><\/span>\n\t\t\t\t\t\t\t\t\t\t\t\t\t<\/span>\n\t\t\t\t\t\t\t\t\t\t\t\t<a class=\"elementor-toggle-title\" tabindex=\"0\">CrioRadiofrecven\u021b\u0103<\/a>\n\t\t\t\t\t<\/div>\n\n\t\t\t\t\t<div id=\"elementor-tab-content-2071\" class=\"elementor-tab-content elementor-clearfix\" data-tab=\"1\" role=\"region\" aria-labelledby=\"elementor-tab-title-2071\"><p>Lifting facial restructurant pentru redefinirea conturului facial, poate fi folosit inclusiv pe tenul cuperotic.<\/p><\/div>\n\t\t\t\t<\/div>\n\t\t\t\t\t\t\t<div class=\"elementor-toggle-item\">\n\t\t\t\t\t<div id=\"elementor-tab-title-2072\" class=\"elementor-tab-title\" data-tab=\"2\" role=\"button\" aria-controls=\"elementor-tab-content-2072\" aria-expanded=\"false\">\n\t\t\t\t\t\t\t\t\t\t\t\t<span class=\"elementor-toggle-icon elementor-toggle-icon-left\" aria-hidden=\"true\">\n\t\t\t\t\t\t\t\t\t\t\t\t\t\t\t<span class=\"elementor-toggle-icon-closed\"><svg class=\"e-font-icon-svg e-fas-caret-right\" viewBox=\"0 0 192 512\" xmlns=\"http:\/\/www.w3.org\/2000\/svg\"><path d=\"M0 384.662V127.338c0-17.818 21.543-26.741 34.142-14.142l128.662 128.662c7.81 7.81 7.81 20.474 0 28.284L34.142 398.804C21.543 411.404 0 402.48 0 384.662z\"><\/path><\/svg><\/span>\n\t\t\t\t\t\t\t\t<span class=\"elementor-toggle-icon-opened\"><svg class=\"elementor-toggle-icon-opened e-font-icon-svg e-fas-caret-up\" viewBox=\"0 0 320 512\" xmlns=\"http:\/\/www.w3.org\/2000\/svg\"><path d=\"M288.662 352H31.338c-17.818 0-26.741-21.543-14.142-34.142l128.662-128.662c7.81-7.81 20.474-7.81 28.284 0l128.662 128.662c12.6 12.599 3.676 34.142-14.142 34.142z\"><\/path><\/svg><\/span>\n\t\t\t\t\t\t\t\t\t\t\t\t\t<\/span>\n\t\t\t\t\t\t\t\t\t\t\t\t<a class=\"elementor-toggle-title\" tabindex=\"0\">Radiofrecven\u021ba tetrapolar\u0103<\/a>\n\t\t\t\t\t<\/div>\n\n\t\t\t\t\t<div id=\"elementor-tab-content-2072\" class=\"elementor-tab-content elementor-clearfix\" data-tab=\"2\" role=\"region\" aria-labelledby=\"elementor-tab-title-2072\"><p>Antirid, tonifiant, liftare, pielea l\u0103sat\u0103 a g\u00e2tului, b\u0103rbie dubl\u0103.<\/p><\/div>\n\t\t\t\t<\/div>\n\t\t\t\t\t\t\t<div class=\"elementor-toggle-item\">\n\t\t\t\t\t<div id=\"elementor-tab-title-2073\" class=\"elementor-tab-title\" data-tab=\"3\" role=\"button\" aria-controls=\"elementor-tab-content-2073\" aria-expanded=\"false\">\n\t\t\t\t\t\t\t\t\t\t\t\t<span class=\"elementor-toggle-icon elementor-toggle-icon-left\" aria-hidden=\"true\">\n\t\t\t\t\t\t\t\t\t\t\t\t\t\t\t<span class=\"elementor-toggle-icon-closed\"><svg class=\"e-font-icon-svg e-fas-caret-right\" viewBox=\"0 0 192 512\" xmlns=\"http:\/\/www.w3.org\/2000\/svg\"><path d=\"M0 384.662V127.338c0-17.818 21.543-26.741 34.142-14.142l128.662 128.662c7.81 7.81 7.81 20.474 0 28.284L34.142 398.804C21.543 411.404 0 402.48 0 384.662z\"><\/path><\/svg><\/span>\n\t\t\t\t\t\t\t\t<span class=\"elementor-toggle-icon-opened\"><svg class=\"elementor-toggle-icon-opened e-font-icon-svg e-fas-caret-up\" viewBox=\"0 0 320 512\" xmlns=\"http:\/\/www.w3.org\/2000\/svg\"><path d=\"M288.662 352H31.338c-17.818 0-26.741-21.543-14.142-34.142l128.662-128.662c7.81-7.81 20.474-7.81 28.284 0l128.662 128.662c12.6 12.599 3.676 34.142-14.142 34.142z\"><\/path><\/svg><\/span>\n\t\t\t\t\t\t\t\t\t\t\t\t\t<\/span>\n\t\t\t\t\t\t\t\t\t\t\t\t<a class=\"elementor-toggle-title\" tabindex=\"0\">Dermohealth + DermoLED<\/a>\n\t\t\t\t\t<\/div>\n\n\t\t\t\t\t<div id=\"elementor-tab-content-2073\" class=\"elementor-tab-content elementor-clearfix\" data-tab=\"3\" role=\"region\" aria-labelledby=\"elementor-tab-title-2073\"><p>Efecte rapide pentru tratamente anticearcan, pungi sub ochi, detoxifiere facial\u0103, cre\u0219terea elasticit\u0103\u021bii, stimulare fibroblaste.<\/p><\/div>\n\t\t\t\t<\/div>\n\t\t\t\t\t\t\t<div class=\"elementor-toggle-item\">\n\t\t\t\t\t<div id=\"elementor-tab-title-2074\" class=\"elementor-tab-title\" data-tab=\"4\" role=\"button\" aria-controls=\"elementor-tab-content-2074\" aria-expanded=\"false\">\n\t\t\t\t\t\t\t\t\t\t\t\t<span class=\"elementor-toggle-icon elementor-toggle-icon-left\" aria-hidden=\"true\">\n\t\t\t\t\t\t\t\t\t\t\t\t\t\t\t<span class=\"elementor-toggle-icon-closed\"><svg class=\"e-font-icon-svg e-fas-caret-right\" viewBox=\"0 0 192 512\" xmlns=\"http:\/\/www.w3.org\/2000\/svg\"><path d=\"M0 384.662V127.338c0-17.818 21.543-26.741 34.142-14.142l128.662 128.662c7.81 7.81 7.81 20.474 0 28.284L34.142 398.804C21.543 411.404 0 402.48 0 384.662z\"><\/path><\/svg><\/span>\n\t\t\t\t\t\t\t\t<span class=\"elementor-toggle-icon-opened\"><svg class=\"elementor-toggle-icon-opened e-font-icon-svg e-fas-caret-up\" viewBox=\"0 0 320 512\" xmlns=\"http:\/\/www.w3.org\/2000\/svg\"><path d=\"M288.662 352H31.338c-17.818 0-26.741-21.543-14.142-34.142l128.662-128.662c7.81-7.81 20.474-7.81 28.284 0l128.662 128.662c12.6 12.599 3.676 34.142-14.142 34.142z\"><\/path><\/svg><\/span>\n\t\t\t\t\t\t\t\t\t\t\t\t\t<\/span>\n\t\t\t\t\t\t\t\t\t\t\t\t<a class=\"elementor-toggle-title\" tabindex=\"0\">Microdermoabraziune<\/a>\n\t\t\t\t\t<\/div>\n\n\t\t\t\t\t<div id=\"elementor-tab-content-2074\" class=\"elementor-tab-content elementor-clearfix\" data-tab=\"4\" role=\"region\" aria-labelledby=\"elementor-tab-title-2074\"><p>Microdermoabraziune cu pulbere de diamant cu stickuri de unic\u0103 folosin\u021b\u0103 de diferite granula\u021bii, pentru diferite tipuri de ten, pentru stimularea regener\u0103rii epiteliale<\/p><\/div>\n\t\t\t\t<\/div>\n\t\t\t\t\t\t\t<div class=\"elementor-toggle-item\">\n\t\t\t\t\t<div id=\"elementor-tab-title-2075\" class=\"elementor-tab-title\" data-tab=\"5\" role=\"button\" aria-controls=\"elementor-tab-content-2075\" aria-expanded=\"false\">\n\t\t\t\t\t\t\t\t\t\t\t\t<span class=\"elementor-toggle-icon elementor-toggle-icon-left\" aria-hidden=\"true\">\n\t\t\t\t\t\t\t\t\t\t\t\t\t\t\t<span class=\"elementor-toggle-icon-closed\"><svg class=\"e-font-icon-svg e-fas-caret-right\" viewBox=\"0 0 192 512\" xmlns=\"http:\/\/www.w3.org\/2000\/svg\"><path d=\"M0 384.662V127.338c0-17.818 21.543-26.741 34.142-14.142l128.662 128.662c7.81 7.81 7.81 20.474 0 28.284L34.142 398.804C21.543 411.404 0 402.48 0 384.662z\"><\/path><\/svg><\/span>\n\t\t\t\t\t\t\t\t<span class=\"elementor-toggle-icon-opened\"><svg class=\"elementor-toggle-icon-opened e-font-icon-svg e-fas-caret-up\" viewBox=\"0 0 320 512\" xmlns=\"http:\/\/www.w3.org\/2000\/svg\"><path d=\"M288.662 352H31.338c-17.818 0-26.741-21.543-14.142-34.142l128.662-128.662c7.81-7.81 20.474-7.81 28.284 0l128.662 128.662c12.6 12.599 3.676 34.142-14.142 34.142z\"><\/path><\/svg><\/span>\n\t\t\t\t\t\t\t\t\t\t\t\t\t<\/span>\n\t\t\t\t\t\t\t\t\t\t\t\t<a class=\"elementor-toggle-title\" tabindex=\"0\">Oxigenul Hiperbaric<\/a>\n\t\t\t\t\t<\/div>\n\n\t\t\t\t\t<div id=\"elementor-tab-content-2075\" class=\"elementor-tab-content elementor-clearfix\" data-tab=\"5\" role=\"region\" aria-labelledby=\"elementor-tab-title-2075\"><p>Oxigenul Hiperbaric are efecte de re\u00eentinerire absolut uimitoare, dup\u0103 numai o singur\u0103 \u015fedin\u0163\u0103 acestea fiind perfect vizibile: pielea devine mai neted\u0103, mai luminoas\u0103, mai elastic\u0103, ridurile fine au fost anulate, iar cele ad\u00e2nci au cedat \u015fi ele, s-au mai relaxat, cearcanele se reduc si ele.<br \/><br \/>\u015ei \u00een cazul tenului acneic, oxigenul este un adev\u0103rat medicament pentru c\u0103 gr\u0103be\u015fte vindecarea leziunilor \u015fi, \u00een general, a imperfec\u0163iunilor.<\/p><\/div>\n\t\t\t\t<\/div>\n\t\t\t\t\t\t\t\t<\/div>\n\t\t\t\t\t\t<\/div>\n\t\t\t\t<\/div>\n\t\t\t\t\t<\/div>\n\t\t<\/div>\n\t\t\t\t<div class=\"elementor-column elementor-col-50 elementor-top-column elementor-element elementor-element-9f0b9dc\" data-id=\"9f0b9dc\" data-element_type=\"column\">\n\t\t\t<div class=\"elementor-widget-wrap elementor-element-populated\">\n\t\t\t\t\t\t<div class=\"elementor-element elementor-element-dfee39b elementor-widget elementor-widget-image\" data-id=\"dfee39b\" data-element_type=\"widget\" data-widget_type=\"image.default\">\n\t\t\t\t<div class=\"elementor-widget-container\">\n\t\t\t\t\t\t\t\t\t\t\t\t\t\t\t<img fetchpriority=\"high\" decoding=\"async\" width=\"640\" height=\"384\" src=\"https:\/\/bodycenter.ro\/wp-content\/uploads\/2024\/02\/Design-sans-titre-12.png\" class=\"attachment-large size-large wp-image-6433\" alt=\"\" srcset=\"https:\/\/bodycenter.ro\/wp-content\/uploads\/2024\/02\/Design-sans-titre-12.png 923w, https:\/\/bodycenter.ro\/wp-content\/uploads\/2024\/02\/Design-sans-titre-12-300x180.png 300w, https:\/\/bodycenter.ro\/wp-content\/uploads\/2024\/02\/Design-sans-titre-12-768x461.png 768w, https:\/\/bodycenter.ro\/wp-content\/uploads\/2024\/02\/Design-sans-titre-12-600x360.png 600w, https:\/\/bodycenter.ro\/wp-content\/uploads\/2024\/02\/Design-sans-titre-12-760x456.png 760w, https:\/\/bodycenter.ro\/wp-content\/uploads\/2024\/02\/Design-sans-titre-12-370x222.png 370w\" sizes=\"(max-width: 640px) 100vw, 640px\" \/>\t\t\t\t\t\t\t\t\t\t\t\t\t\t\t<\/div>\n\t\t\t\t<\/div>\n\t\t\t\t\t<\/div>\n\t\t<\/div>\n\t\t\t\t\t<\/div>\n\t\t<\/section>\n\t\t\t\t<\/div>\n\t\t","protected":false},"excerpt":{"rendered":"<p>Tratamente faciale Cocktailul de vitamine alaturi de oxigenul hiperbaric vin in ajutorul esteticienilor pentru a obtine rezultate fabuloase fara tratamente invazive. CrioRadiofrecven\u021b\u0103 Lifting facial restructurant pentru redefinirea conturului facial, poate fi folosit inclusiv pe tenul cuperotic. Radiofrecven\u021ba tetrapolar\u0103 Antirid, tonifiant, liftare, pielea l\u0103sat\u0103 a g\u00e2tului, b\u0103rbie dubl\u0103. Dermohealth + DermoLED Efecte rapide pentru tratamente anticearcan, [&hellip;]<\/p>\n","protected":false},"author":1,"featured_media":0,"parent":0,"menu_order":0,"comment_status":"closed","ping_status":"closed","template":"elementor_header_footer","meta":{"footnotes":""},"class_list":["post-5933","page","type-page","status-publish","hentry"],"_links":{"self":[{"href":"https:\/\/bodycenter.ro\/index.php\/wp-json\/wp\/v2\/pages\/5933","targetHints":{"allow":["GET"]}}],"collection":[{"href":"https:\/\/bodycenter.ro\/index.php\/wp-json\/wp\/v2\/pages"}],"about":[{"href":"https:\/\/bodycenter.ro\/index.php\/wp-json\/wp\/v2\/types\/page"}],"author":[{"embeddable":true,"href":"https:\/\/bodycenter.ro\/index.php\/wp-json\/wp\/v2\/users\/1"}],"replies":[{"embeddable":true,"href":"https:\/\/bodycenter.ro\/index.php\/wp-json\/wp\/v2\/comments?post=5933"}],"version-history":[{"count":91,"href":"https:\/\/bodycenter.ro\/index.php\/wp-json\/wp\/v2\/pages\/5933\/revisions"}],"predecessor-version":[{"id":7933,"href":"https:\/\/bodycenter.ro\/index.php\/wp-json\/wp\/v2\/pages\/5933\/revisions\/7933"}],"wp:attachment":[{"href":"https:\/\/bodycenter.ro\/index.php\/wp-json\/wp\/v2\/media?parent=5933"}],"curies":[{"name":"wp","href":"https:\/\/api.w.org\/{rel}","templated":true}]}}