{"id":5356,"date":"2023-05-25T08:05:25","date_gmt":"2023-05-25T08:05:25","guid":{"rendered":"https:\/\/weblearnbd.net\/wp\/vamary\/?page_id=38"},"modified":"2024-03-14T07:49:22","modified_gmt":"2024-03-14T07:49:22","slug":"massages","status":"publish","type":"page","link":"https:\/\/bodycenter.ro\/index.php\/massages\/","title":{"rendered":"Masaje"},"content":{"rendered":"<style>.elementor-5356 .elementor-element.elementor-element-bd46667{margin-top:0px;margin-bottom:-74px;padding:0px 0px 0px 0px;}.elementor-5356 .elementor-element.elementor-element-03dd8c7 > .elementor-widget-container{margin:0px 0px 0px 0px;}.elementor-5356 .elementor-element.elementor-element-03dd8c7 .tp-el-section{margin:0px 0px 0px 0px !important;}@media(max-width:1024px){.elementor-5356 .elementor-element.elementor-element-86ff936 > .elementor-element-populated{margin:-11px 0px 0px 0px;--e-column-margin-right:0px;--e-column-margin-left:0px;padding:0px 0px 0px 0px;}.elementor-5356 .elementor-element.elementor-element-03dd8c7 > .elementor-widget-container{margin:0px 0px 0px 0px;padding:0px 0px 0px 0px;}}<\/style>\t\t<div data-elementor-type=\"wp-page\" data-elementor-id=\"5356\" class=\"elementor elementor-5356\">\n\t\t\t\t\t\t<section class=\"elementor-section elementor-top-section elementor-element elementor-element-bd46667 elementor-section-full_width elementor-section-height-default elementor-section-height-default\" data-id=\"bd46667\" data-element_type=\"section\">\n\t\t\t\t\t\t<div class=\"elementor-container elementor-column-gap-no\">\n\t\t\t\t\t<div class=\"elementor-column elementor-col-100 elementor-top-column elementor-element elementor-element-86ff936\" data-id=\"86ff936\" data-element_type=\"column\">\n\t\t\t<div class=\"elementor-widget-wrap elementor-element-populated\">\n\t\t\t\t\t\t<div class=\"elementor-element elementor-element-03dd8c7 elementor-widget elementor-widget-services\" data-id=\"03dd8c7\" data-element_type=\"widget\" data-widget_type=\"services.default\">\n\t\t\t\t<div class=\"elementor-widget-container\">\n\t\t\t\t\t\r\n\r\n<section class=\"services-area theme-bg-7 pt-145 pb-115\">\r\n    <div class=\"container\">\r\n        <div class=\"row\">\r\n            <div class=\"col-lg-12\">\r\n                <div class=\"services-6-wrapper\">\r\n                    <div class=\"tpsection text-center mb-60\">\r\n\r\n                                                <span class=\"tpsection-round-subtitle mb-10\">Servicii de masaj<\/span>\r\n                                                <h2 class=\"tpsection-title\">Profita\u021bi de cele mai bune servicii de masaj<\/h2>                        \r\n                    <\/div>\r\n                <\/div>\r\n            <\/div>\r\n        <\/div>\r\n        <div class=\"row\">\r\n                        <div class=\"col-lg-4 col-md-6\">\r\n                                <div class=\"services-6 text-center mb-30 wow fadeInRight\" data-wow-duration=\"1s\" data-wow-delay=\"0.4s\">\r\n                                                        <div class=\"services-6-thumb mb-25\">\r\n                        <img decoding=\"async\" src=\"https:\/\/bodycenter.ro\/wp-content\/uploads\/2024\/02\/therapeutic-massage-1.jpg\" alt=\"\">\r\n                    <\/div>\r\n                                        <div class=\"services-6-content\">\r\n                                                <h4 class=\"services-6-title\">\r\n                                                        <a href=\"https:\/\/bodycenter.ro\/index.php\/massages\/manual-massage-2\/\">Masaj manual<\/a>\r\n                                                    <\/h4>\r\n                                                                        <p>Terapeu\u021bii no\u0219tri califica\u021bi folosesc o combina\u021bie de tehnici calmante pentru a atenua tensiunea, a \u00eembun\u0103t\u0103\u021bi circula\u021bia \u0219i a promova relaxarea profund\u0103.<\/p>\r\n                        \r\n                                                <div class=\"services-6-btn\">\r\n                            <a href=\"https:\/\/bodycenter.ro\/index.php\/massages\/manual-massage-2\/\" target=\"_self\" rel=\"nofollow\">\r\n                                <span>\r\n                                    <svg width=\"35\" height=\"28\" viewBox=\"0 0 35 28\" fill=\"none\" xmlns=\"http:\/\/www.w3.org\/2000\/svg\">\r\n                                        <g clip-path=\"url(#clip0_331_1622)\">\r\n                                        <path d=\"M0 13.9954H35\" stroke=\"currentColor\" stroke-width=\"2\" stroke-miterlimit=\"10\"\/>\r\n                                        <path d=\"M21.4453 0C21.4453 7.73574 27.5079 13.9953 35.0001 13.9953\" stroke=\"currentColor\" stroke-width=\"2\" stroke-miterlimit=\"10\"\/>\r\n                                        <path d=\"M35.0001 13.9954C27.5079 13.9954 21.4453 20.255 21.4453 27.9907\" stroke=\"currentColor\" stroke-width=\"2\" stroke-miterlimit=\"10\"\/>\r\n                                        <\/g>\r\n                                        <defs>\r\n                                        <clipPath id=\"clip0_331_16223\">\r\n                                        <rect width=\"35\" height=\"28\" fill=\"currentColor\"\/>\r\n                                        <\/clipPath>\r\n                                        <\/defs>\r\n                                    <\/svg>\r\n                                <\/span>\r\n                            <\/a>\r\n                        <\/div>\r\n                        \r\n                    <\/div>\r\n                <\/div>\r\n            <\/div>\r\n                        <div class=\"col-lg-4 col-md-6\">\r\n                                <div class=\"services-6 text-center mb-30 wow fadeInRight\" data-wow-duration=\"1s\" data-wow-delay=\"0.4s\">\r\n                                                        <div class=\"services-6-thumb mb-25\">\r\n                        <img decoding=\"async\" src=\"https:\/\/bodycenter.ro\/wp-content\/uploads\/2024\/02\/relaxation-massage-370x555.jpg\" alt=\"\">\r\n                    <\/div>\r\n                                        <div class=\"services-6-content\">\r\n                                                <h4 class=\"services-6-title\">\r\n                                                        <a href=\"https:\/\/bodycenter.ro\/index.php\/massages\/relaxing-massage\/\">Masaj de relaxare<\/a>\r\n                                                    <\/h4>\r\n                                                                        <p>Printr-un masaj relaxant, folosind mi\u0219c\u0103ri bl\u00e2nde \u0219i ritmice, ajut\u0103m la eliminarea toxinelor \u0219i la relaxarea muscular\u0103.<\/p>\r\n                        \r\n                                                <div class=\"services-6-btn\">\r\n                            <a href=\"https:\/\/bodycenter.ro\/index.php\/massages\/relaxing-massage\/\" target=\"_self\" rel=\"nofollow\">\r\n                                <span>\r\n                                    <svg width=\"35\" height=\"28\" viewBox=\"0 0 35 28\" fill=\"none\" xmlns=\"http:\/\/www.w3.org\/2000\/svg\">\r\n                                        <g clip-path=\"url(#clip0_331_1622)\">\r\n                                        <path d=\"M0 13.9954H35\" stroke=\"currentColor\" stroke-width=\"2\" stroke-miterlimit=\"10\"\/>\r\n                                        <path d=\"M21.4453 0C21.4453 7.73574 27.5079 13.9953 35.0001 13.9953\" stroke=\"currentColor\" stroke-width=\"2\" stroke-miterlimit=\"10\"\/>\r\n                                        <path d=\"M35.0001 13.9954C27.5079 13.9954 21.4453 20.255 21.4453 27.9907\" stroke=\"currentColor\" stroke-width=\"2\" stroke-miterlimit=\"10\"\/>\r\n                                        <\/g>\r\n                                        <defs>\r\n                                        <clipPath id=\"clip0_331_16223\">\r\n                                        <rect width=\"35\" height=\"28\" fill=\"currentColor\"\/>\r\n                                        <\/clipPath>\r\n                                        <\/defs>\r\n                                    <\/svg>\r\n                                <\/span>\r\n                            <\/a>\r\n                        <\/div>\r\n                        \r\n                    <\/div>\r\n                <\/div>\r\n            <\/div>\r\n                        <div class=\"col-lg-4 col-md-6\">\r\n                                <div class=\"services-6 text-center mb-30 wow fadeInRight\" data-wow-duration=\"1s\" data-wow-delay=\"0.4s\">\r\n                                                        <div class=\"services-6-thumb mb-25\">\r\n                        <img decoding=\"async\" src=\"https:\/\/bodycenter.ro\/wp-content\/uploads\/2024\/02\/therapeutic-massage.jpg\" alt=\"\">\r\n                    <\/div>\r\n                                        <div class=\"services-6-content\">\r\n                                                <h4 class=\"services-6-title\">\r\n                                                        <a href=\"https:\/\/bodycenter.ro\/index.php\/massages\/therapeutic-message\/\">Masaj Terapeutic <\/a>\r\n                                                    <\/h4>\r\n                                                                        <p>Masajul terapeutic, administrat de speciali\u0219ti califica\u021bi, vizeaz\u0103 relaxarea muscular\u0103, reducerea stresului \u0219i ameliorarea durerii, promov\u00e2nd bun\u0103starea general\u0103.<\/p>\r\n                        \r\n                                                <div class=\"services-6-btn\">\r\n                            <a href=\"https:\/\/bodycenter.ro\/index.php\/massages\/therapeutic-message\/\" target=\"_self\" rel=\"nofollow\">\r\n                                <span>\r\n                                    <svg width=\"35\" height=\"28\" viewBox=\"0 0 35 28\" fill=\"none\" xmlns=\"http:\/\/www.w3.org\/2000\/svg\">\r\n                                        <g clip-path=\"url(#clip0_331_1622)\">\r\n                                        <path d=\"M0 13.9954H35\" stroke=\"currentColor\" stroke-width=\"2\" stroke-miterlimit=\"10\"\/>\r\n                                        <path d=\"M21.4453 0C21.4453 7.73574 27.5079 13.9953 35.0001 13.9953\" stroke=\"currentColor\" stroke-width=\"2\" stroke-miterlimit=\"10\"\/>\r\n                                        <path d=\"M35.0001 13.9954C27.5079 13.9954 21.4453 20.255 21.4453 27.9907\" stroke=\"currentColor\" stroke-width=\"2\" stroke-miterlimit=\"10\"\/>\r\n                                        <\/g>\r\n                                        <defs>\r\n                                        <clipPath id=\"clip0_331_16223\">\r\n                                        <rect width=\"35\" height=\"28\" fill=\"currentColor\"\/>\r\n                                        <\/clipPath>\r\n                                        <\/defs>\r\n                                    <\/svg>\r\n                                <\/span>\r\n                            <\/a>\r\n                        <\/div>\r\n                        \r\n                    <\/div>\r\n                <\/div>\r\n            <\/div>\r\n                        <div class=\"col-lg-4 col-md-6\">\r\n                                <div class=\"services-6 text-center mb-30 wow fadeInRight\" data-wow-duration=\"1s\" data-wow-delay=\"0.4s\">\r\n                                                        <div class=\"services-6-thumb mb-25\">\r\n                        <img decoding=\"async\" src=\"https:\/\/bodycenter.ro\/wp-content\/uploads\/2024\/02\/bamboo-massage-370x247.jpg\" alt=\"\">\r\n                    <\/div>\r\n                                        <div class=\"services-6-content\">\r\n                                                <h4 class=\"services-6-title\">\r\n                                                        <a href=\"https:\/\/bodycenter.ro\/index.php\/massages\/massage-with-bamboo-sticks\/\">Masajul cu bete de bambus<\/a>\r\n                                                    <\/h4>\r\n                                                                        <p>Aceast\u0103 terapie unic\u0103 combin\u0103 mi\u0219c\u0103ri bl\u00e2nde de rostogolire \u0219i tehnici manuale pentru a elibera tensiunea muscular\u0103 \u0219i a promova circula\u021bia.<\/p>\r\n                        \r\n                                                <div class=\"services-6-btn\">\r\n                            <a href=\"https:\/\/bodycenter.ro\/index.php\/massages\/massage-with-bamboo-sticks\/\" target=\"_self\" rel=\"nofollow\">\r\n                                <span>\r\n                                    <svg width=\"35\" height=\"28\" viewBox=\"0 0 35 28\" fill=\"none\" xmlns=\"http:\/\/www.w3.org\/2000\/svg\">\r\n                                        <g clip-path=\"url(#clip0_331_1622)\">\r\n                                        <path d=\"M0 13.9954H35\" stroke=\"currentColor\" stroke-width=\"2\" stroke-miterlimit=\"10\"\/>\r\n                                        <path d=\"M21.4453 0C21.4453 7.73574 27.5079 13.9953 35.0001 13.9953\" stroke=\"currentColor\" stroke-width=\"2\" stroke-miterlimit=\"10\"\/>\r\n                                        <path d=\"M35.0001 13.9954C27.5079 13.9954 21.4453 20.255 21.4453 27.9907\" stroke=\"currentColor\" stroke-width=\"2\" stroke-miterlimit=\"10\"\/>\r\n                                        <\/g>\r\n                                        <defs>\r\n                                        <clipPath id=\"clip0_331_16223\">\r\n                                        <rect width=\"35\" height=\"28\" fill=\"currentColor\"\/>\r\n                                        <\/clipPath>\r\n                                        <\/defs>\r\n                                    <\/svg>\r\n                                <\/span>\r\n                            <\/a>\r\n                        <\/div>\r\n                        \r\n                    <\/div>\r\n                <\/div>\r\n            <\/div>\r\n                        <div class=\"col-lg-4 col-md-6\">\r\n                                <div class=\"services-6 text-center mb-30 wow fadeInRight\" data-wow-duration=\"1s\" data-wow-delay=\"0.4s\">\r\n                                                        <div class=\"services-6-thumb mb-25\">\r\n                        <img decoding=\"async\" src=\"https:\/\/bodycenter.ro\/wp-content\/uploads\/2024\/02\/steptodown.com134992-370x247.jpg\" alt=\"\">\r\n                    <\/div>\r\n                                        <div class=\"services-6-content\">\r\n                                                <h4 class=\"services-6-title\">\r\n                                                        <a href=\"https:\/\/bodycenter.ro\/index.php\/massages\/massage-lomi-lomi-2\/\">Masaj Lomi Lomi<\/a>\r\n                                                    <\/h4>\r\n                                                                        <p>Experimenta\u021bi vindecarea la nivel fizic, mental \u0219i emo\u021bional cu masajul nostru exotic. Uleiurile aromatice calde \u0219i mi\u0219c\u0103rile lini\u0219titoare asem\u0103n\u0103toare unor valuri u\u0219ureaz\u0103 durerile musculare \u0219i topesc stresul.<\/p>\r\n                        \r\n                                                <div class=\"services-6-btn\">\r\n                            <a href=\"https:\/\/bodycenter.ro\/index.php\/massages\/massage-lomi-lomi-2\/\" target=\"_self\" rel=\"nofollow\">\r\n                                <span>\r\n                                    <svg width=\"35\" height=\"28\" viewBox=\"0 0 35 28\" fill=\"none\" xmlns=\"http:\/\/www.w3.org\/2000\/svg\">\r\n                                        <g clip-path=\"url(#clip0_331_1622)\">\r\n                                        <path d=\"M0 13.9954H35\" stroke=\"currentColor\" stroke-width=\"2\" stroke-miterlimit=\"10\"\/>\r\n                                        <path d=\"M21.4453 0C21.4453 7.73574 27.5079 13.9953 35.0001 13.9953\" stroke=\"currentColor\" stroke-width=\"2\" stroke-miterlimit=\"10\"\/>\r\n                                        <path d=\"M35.0001 13.9954C27.5079 13.9954 21.4453 20.255 21.4453 27.9907\" stroke=\"currentColor\" stroke-width=\"2\" stroke-miterlimit=\"10\"\/>\r\n                                        <\/g>\r\n                                        <defs>\r\n                                        <clipPath id=\"clip0_331_16223\">\r\n                                        <rect width=\"35\" height=\"28\" fill=\"currentColor\"\/>\r\n                                        <\/clipPath>\r\n                                        <\/defs>\r\n                                    <\/svg>\r\n                                <\/span>\r\n                            <\/a>\r\n                        <\/div>\r\n                        \r\n                    <\/div>\r\n                <\/div>\r\n            <\/div>\r\n                        <div class=\"col-lg-4 col-md-6\">\r\n                                <div class=\"services-6 text-center mb-30 wow fadeInRight\" data-wow-duration=\"1s\" data-wow-delay=\"0.4s\">\r\n                                                        <div class=\"services-6-thumb mb-25\">\r\n                        <img decoding=\"async\" src=\"https:\/\/bodycenter.ro\/wp-content\/uploads\/2024\/02\/volcanic-stone-massage-370x555.jpg\" alt=\"\">\r\n                    <\/div>\r\n                                        <div class=\"services-6-content\">\r\n                                                <h4 class=\"services-6-title\">\r\n                                                        <a href=\"https:\/\/bodycenter.ro\/index.php\/massages\/volcanic-stone-massage-2\/\">Masaj cu pietre vulcanice<\/a>\r\n                                                    <\/h4>\r\n                                                                        <p>Descoperi\u021bi efectele \u00eentineritoare ale terapiei de masaj cu pietre vulcanice, valorific\u00e2nd c\u0103ldura \u0219i fine\u021bea pietrelor de bazalt.<\/p>\r\n                        \r\n                                                <div class=\"services-6-btn\">\r\n                            <a href=\"https:\/\/bodycenter.ro\/index.php\/massages\/volcanic-stone-massage-2\/\" target=\"_self\" rel=\"nofollow\">\r\n                                <span>\r\n                                    <svg width=\"35\" height=\"28\" viewBox=\"0 0 35 28\" fill=\"none\" xmlns=\"http:\/\/www.w3.org\/2000\/svg\">\r\n                                        <g clip-path=\"url(#clip0_331_1622)\">\r\n                                        <path d=\"M0 13.9954H35\" stroke=\"currentColor\" stroke-width=\"2\" stroke-miterlimit=\"10\"\/>\r\n                                        <path d=\"M21.4453 0C21.4453 7.73574 27.5079 13.9953 35.0001 13.9953\" stroke=\"currentColor\" stroke-width=\"2\" stroke-miterlimit=\"10\"\/>\r\n                                        <path d=\"M35.0001 13.9954C27.5079 13.9954 21.4453 20.255 21.4453 27.9907\" stroke=\"currentColor\" stroke-width=\"2\" stroke-miterlimit=\"10\"\/>\r\n                                        <\/g>\r\n                                        <defs>\r\n                                        <clipPath id=\"clip0_331_16223\">\r\n                                        <rect width=\"35\" height=\"28\" fill=\"currentColor\"\/>\r\n                                        <\/clipPath>\r\n                                        <\/defs>\r\n                                    <\/svg>\r\n                                <\/span>\r\n                            <\/a>\r\n                        <\/div>\r\n                        \r\n                    <\/div>\r\n                <\/div>\r\n            <\/div>\r\n                        <div class=\"col-lg-4 col-md-6\">\r\n                                <div class=\"services-6 text-center mb-30 wow fadeInRight\" data-wow-duration=\"1s\" data-wow-delay=\"0.4s\">\r\n                                                        <div class=\"services-6-thumb mb-25\">\r\n                        <img decoding=\"async\" src=\"https:\/\/bodycenter.ro\/wp-content\/uploads\/2024\/02\/facial-massage-370x658.jpg\" alt=\"\">\r\n                    <\/div>\r\n                                        <div class=\"services-6-content\">\r\n                                                <h4 class=\"services-6-title\">\r\n                                                        <a href=\"https:\/\/bodycenter.ro\/index.php\/massages\/facial-massage\/\">Masaj facial<\/a>\r\n                                                    <\/h4>\r\n                                                                        <p>Masajul facial este foarte apreciat pentru capacitatea sa de a elibera stresul acumulat \u00een organism, oferind efecte imediate \u0219i vizibile.<\/p>\r\n                        \r\n                                                <div class=\"services-6-btn\">\r\n                            <a href=\"https:\/\/bodycenter.ro\/index.php\/massages\/facial-massage\/\" target=\"_self\" rel=\"nofollow\">\r\n                                <span>\r\n                                    <svg width=\"35\" height=\"28\" viewBox=\"0 0 35 28\" fill=\"none\" xmlns=\"http:\/\/www.w3.org\/2000\/svg\">\r\n                                        <g clip-path=\"url(#clip0_331_1622)\">\r\n                                        <path d=\"M0 13.9954H35\" stroke=\"currentColor\" stroke-width=\"2\" stroke-miterlimit=\"10\"\/>\r\n                                        <path d=\"M21.4453 0C21.4453 7.73574 27.5079 13.9953 35.0001 13.9953\" stroke=\"currentColor\" stroke-width=\"2\" stroke-miterlimit=\"10\"\/>\r\n                                        <path d=\"M35.0001 13.9954C27.5079 13.9954 21.4453 20.255 21.4453 27.9907\" stroke=\"currentColor\" stroke-width=\"2\" stroke-miterlimit=\"10\"\/>\r\n                                        <\/g>\r\n                                        <defs>\r\n                                        <clipPath id=\"clip0_331_16223\">\r\n                                        <rect width=\"35\" height=\"28\" fill=\"currentColor\"\/>\r\n                                        <\/clipPath>\r\n                                        <\/defs>\r\n                                    <\/svg>\r\n                                <\/span>\r\n                            <\/a>\r\n                        <\/div>\r\n                        \r\n                    <\/div>\r\n                <\/div>\r\n            <\/div>\r\n                    <\/div>\r\n    <\/div>\r\n<\/section>\r\n\r\n\t\t\t\t<\/div>\n\t\t\t\t<\/div>\n\t\t\t\t\t<\/div>\n\t\t<\/div>\n\t\t\t\t\t<\/div>\n\t\t<\/section>\n\t\t\t\t<\/div>\n\t\t","protected":false},"excerpt":{"rendered":"<p>Servicii de masaj Profita\u021bi de cele mai bune servicii de masaj Masaj manual Terapeu\u021bii no\u0219tri califica\u021bi folosesc o combina\u021bie de tehnici calmante pentru a atenua tensiunea, a \u00eembun\u0103t\u0103\u021bi circula\u021bia \u0219i a promova relaxarea profund\u0103. Masaj de relaxare Printr-un masaj relaxant, folosind mi\u0219c\u0103ri bl\u00e2nde \u0219i ritmice, ajut\u0103m la eliminarea toxinelor \u0219i la relaxarea muscular\u0103. Masaj Terapeutic [&hellip;]<\/p>\n","protected":false},"author":1,"featured_media":0,"parent":0,"menu_order":0,"comment_status":"closed","ping_status":"closed","template":"elementor_header_footer","meta":{"footnotes":""},"class_list":["post-5356","page","type-page","status-publish","hentry"],"_links":{"self":[{"href":"https:\/\/bodycenter.ro\/index.php\/wp-json\/wp\/v2\/pages\/5356","targetHints":{"allow":["GET"]}}],"collection":[{"href":"https:\/\/bodycenter.ro\/index.php\/wp-json\/wp\/v2\/pages"}],"about":[{"href":"https:\/\/bodycenter.ro\/index.php\/wp-json\/wp\/v2\/types\/page"}],"author":[{"embeddable":true,"href":"https:\/\/bodycenter.ro\/index.php\/wp-json\/wp\/v2\/users\/1"}],"replies":[{"embeddable":true,"href":"https:\/\/bodycenter.ro\/index.php\/wp-json\/wp\/v2\/comments?post=5356"}],"version-history":[{"count":127,"href":"https:\/\/bodycenter.ro\/index.php\/wp-json\/wp\/v2\/pages\/5356\/revisions"}],"predecessor-version":[{"id":8040,"href":"https:\/\/bodycenter.ro\/index.php\/wp-json\/wp\/v2\/pages\/5356\/revisions\/8040"}],"wp:attachment":[{"href":"https:\/\/bodycenter.ro\/index.php\/wp-json\/wp\/v2\/media?parent=5356"}],"curies":[{"name":"wp","href":"https:\/\/api.w.org\/{rel}","templated":true}]}}